{"id":1064,"date":"2022-09-22T16:51:28","date_gmt":"2022-09-22T13:51:28","guid":{"rendered":"https:\/\/tsoftrafik.com.tr\/?page_id=1064"},"modified":"2025-05-20T16:43:57","modified_gmt":"2025-05-20T13:43:57","slug":"acilis","status":"publish","type":"page","link":"https:\/\/tsoftrafik.com.tr\/","title":{"rendered":"Anasayfa"},"content":{"rendered":"<p><div class=\"fusion-fullwidth fullwidth-box fusion-builder-row-1 fusion-flex-container fusion-parallax-none nonhundred-percent-fullwidth hundred-percent-height hundred-percent-height-center-content non-hundred-percent-height-scrolling fusion-no-medium-visibility fusion-no-large-visibility lazyload\" style=\"background-color: rgba(0,0,0,0.69);background-position: left center;background-repeat: no-repeat;background-blend-mode: multiply;border-width: 0px 0px 0px 0px;border-color:var(--awb-color3);border-style:solid;-webkit-background-size:cover;-moz-background-size:cover;-o-background-size:cover;background-size:cover;\" data-bg=\"https:\/\/tsoftrafik.com.tr\/wp-content\/uploads\/2022\/09\/01.jpg\" ><div class=\"fusion-builder-row fusion-row fusion-flex-align-items-center\" style=\"max-width:1185.6px;margin-left: calc(-4% \/ 2 );margin-right: calc(-4% \/ 2 );\"><div class=\"fusion-layout-column fusion_builder_column fusion-builder-column-0 fusion_builder_column_1_1 1_1 fusion-flex-column fusion-flex-align-self-center\"><div class=\"fusion-column-wrapper fusion-flex-justify-content-center fusion-content-layout-column\" style=\"background-position:left top;background-repeat:no-repeat;-webkit-background-size:cover;-moz-background-size:cover;-o-background-size:cover;background-size:cover;padding: 0px 0px 0px 0px;\"><div style=\"text-align:center;\"><style>.fusion-imageframe.imageframe-1{ margin-bottom : 30px;}@media only screen and (max-width:640px) {.fusion-imageframe.imageframe-1{ margin-top : 20px;}}<\/style><span class=\" fusion-imageframe imageframe-none imageframe-1 hover-type-none\" style=\"max-width:120px;\"><img decoding=\"async\" width=\"200\" height=\"240\" title=\"logo-b-2x\" src=\"data:image\/svg+xml,%3Csvg%20xmlns%3D%27http%3A%2F%2Fwww.w3.org%2F2000%2Fsvg%27%20width%3D%27200%27%20height%3D%27240%27%20viewBox%3D%270%200%20200%20240%27%3E%3Crect%20width%3D%27200%27%20height%3D%27240%27%20fill-opacity%3D%220%22%2F%3E%3C%2Fsvg%3E\" data-orig-src=\"https:\/\/tsoftrafik.com.tr\/wp-content\/uploads\/2022\/10\/logo-b-2x-1.png\" alt class=\"lazyload img-responsive wp-image-1628\"\/><\/span><\/div><div class=\"fusion-image-carousel fusion-image-carousel-auto fusion-image-carousel-1\"><div class=\"fusion-carousel\" data-autoplay=\"no\" data-columns=\"1\" data-itemmargin=\"0\" data-itemwidth=\"180\" data-touchscroll=\"no\" data-imagesize=\"auto\" data-scrollitems=\"1\"><div class=\"fusion-carousel-positioner\"><ul class=\"fusion-carousel-holder\"><li class=\"fusion-carousel-item\"><div class=\"fusion-carousel-item-wrapper\"><div class=\"fusion-image-wrapper awb-imageframe-style awb-imageframe-style-dario\"><a href=\"https:\/\/tsoftrafik.com.tr\/index.php\/dinlenme-tesislerimiz\" target=\"_self\"><img decoding=\"async\" width=\"275\" height=\"183\" src=\"https:\/\/tsoftrafik.com.tr\/wp-content\/uploads\/2022\/11\/m-tesis-275.jpg\" class=\"attachment-full size-full lazyload\" alt=\"\" srcset=\"data:image\/svg+xml,%3Csvg%20xmlns%3D%27http%3A%2F%2Fwww.w3.org%2F2000%2Fsvg%27%20width%3D%27275%27%20height%3D%27183%27%20viewBox%3D%270%200%20275%20183%27%3E%3Crect%20width%3D%27275%27%20height%3D%27183%27%20fill-opacity%3D%220%22%2F%3E%3C%2Fsvg%3E\" data-orig-src=\"https:\/\/tsoftrafik.com.tr\/wp-content\/uploads\/2022\/11\/m-tesis-275.jpg\" data-srcset=\"https:\/\/tsoftrafik.com.tr\/wp-content\/uploads\/2022\/11\/m-tesis-275-200x133.jpg 200w, https:\/\/tsoftrafik.com.tr\/wp-content\/uploads\/2022\/11\/m-tesis-275.jpg 275w\" data-sizes=\"auto\" \/><div class=\"awb-imageframe-caption-container\"><div class=\"awb-imageframe-caption\"><h3 class=\"awb-imageframe-caption-title\">Dinlenme Tesisleri<\/h3><\/div><\/div><\/a><\/div><\/div><\/li><\/ul><\/div><\/div><\/div><style type=\"text\/css\">.fusion-image-carousel.fusion-image-carousel-1 .awb-imageframe-caption-container .awb-imageframe-caption-title{color:#ffffff !important;font-family:var(--awb-typography1-font-family) !important;font-weight:var(--awb-typography1-font-weight) !important;font-style:var(--awb-typography1-font-style) !important;text-transform:capitalize;}.fusion-image-carousel.fusion-image-carousel-1 .awb-imageframe-caption-container .awb-imageframe-caption-text{color:var(--awb-color1);font-size:var(--awb-typography2-font-size);font-family:var(--awb-typography2-font-family);font-weight:var(--awb-typography2-font-weight);font-style:var(--awb-typography2-font-style);text-transform:var(--awb-typography2-text-transform);}.fusion-image-carousel.fusion-image-carousel-1 .awb-imageframe-caption .awb-imageframe-caption-title:after{background:var(--awb-color1);}.fusion-image-carousel.fusion-image-carousel-1 .awb-imageframe-style{background:#000000;}<\/style><div class=\"fusion-image-carousel fusion-image-carousel-auto fusion-image-carousel-2\"><div class=\"fusion-carousel\" data-autoplay=\"no\" data-columns=\"1\" data-itemmargin=\"0\" data-itemwidth=\"180\" data-touchscroll=\"no\" data-imagesize=\"auto\" data-scrollitems=\"1\"><div class=\"fusion-carousel-positioner\"><ul class=\"fusion-carousel-holder\"><li class=\"fusion-carousel-item\"><div class=\"fusion-carousel-item-wrapper\"><div class=\"fusion-image-wrapper awb-imageframe-style awb-imageframe-style-dario\"><img class=\"lazyload\" decoding=\"async\" src=\"data:image\/gif;base64,R0lGODlhAQABAAAAACH5BAEKAAEALAAAAAABAAEAAAICTAEAOw==\" data-orig-src=\"\" alt=\"\"\/><div class=\"awb-imageframe-caption-container\"><div class=\"awb-imageframe-caption\"><\/div><\/div><\/div><\/div><\/li><\/ul><\/div><\/div><\/div><style type=\"text\/css\">.fusion-image-carousel.fusion-image-carousel-2 .awb-imageframe-caption-container .awb-imageframe-caption-title{color:#ffffff !important;font-family:var(--awb-typography1-font-family) !important;font-weight:var(--awb-typography1-font-weight) !important;font-style:var(--awb-typography1-font-style) !important;text-transform:capitalize;}.fusion-image-carousel.fusion-image-carousel-2 .awb-imageframe-caption-container .awb-imageframe-caption-text{color:var(--awb-color1);font-size:var(--awb-typography2-font-size);font-family:var(--awb-typography2-font-family);font-weight:var(--awb-typography2-font-weight);font-style:var(--awb-typography2-font-style);text-transform:var(--awb-typography2-text-transform);}.fusion-image-carousel.fusion-image-carousel-2 .awb-imageframe-caption .awb-imageframe-caption-title:after{background:var(--awb-color1);}.fusion-image-carousel.fusion-image-carousel-2 .awb-imageframe-style{background:#000000;}<\/style><\/div><style type=\"text\/css\">.fusion-body .fusion-builder-column-0{width:100% !important;margin-top : 0px;margin-bottom : 0px;}.fusion-builder-column-0 > .fusion-column-wrapper {padding-top : 0px !important;padding-right : 0px !important;margin-right : 1.92%;padding-bottom : 0px !important;padding-left : 0px !important;margin-left : 1.92%;}@media only screen and (max-width:1024px) {.fusion-body .fusion-builder-column-0{width:100% !important;order : 0;}.fusion-builder-column-0 > .fusion-column-wrapper {margin-right : 1.92%;margin-left : 1.92%;}}@media only screen and (max-width:640px) {.fusion-body .fusion-builder-column-0{width:100% !important;order : 0;margin-top : 10px;}.fusion-builder-column-0 > .fusion-column-wrapper {margin-right : 1.92%;margin-left : 1.92%;}}<\/style><\/div><\/div><style type=\"text\/css\">.fusion-body .fusion-flex-container.fusion-builder-row-1{ padding-top : 0px;margin-top : 0px;padding-right : 0px;padding-bottom : 0px;margin-bottom : 0px;padding-left : 0px;}<\/style><\/div><div class=\"fusion-fullwidth fullwidth-box fusion-builder-row-2 fusion-flex-container fusion-parallax-none nonhundred-percent-fullwidth hundred-percent-height hundred-percent-height-center-content non-hundred-percent-height-scrolling fusion-no-small-visibility lazyload\" style=\"background-color: rgba(0,0,0,0.69);background-position: center center;background-repeat: no-repeat;background-blend-mode: multiply;border-width: 0px 0px 0px 0px;border-color:var(--awb-color3);border-style:solid;-webkit-background-size:cover;-moz-background-size:cover;-o-background-size:cover;background-size:cover;\" data-bg=\"https:\/\/tsoftrafik.com.tr\/wp-content\/uploads\/2022\/09\/01.jpg\" ><div class=\"fusion-builder-row fusion-row fusion-flex-align-items-flex-start\" style=\"max-width:1185.6px;margin-left: calc(-4% \/ 2 );margin-right: calc(-4% \/ 2 );\"><div class=\"fusion-layout-column fusion_builder_column fusion-builder-column-1 fusion_builder_column_1_1 1_1 fusion-flex-column fusion-flex-align-self-center\"><div class=\"fusion-column-wrapper fusion-flex-justify-content-center fusion-content-layout-column\" style=\"background-position:left top;background-repeat:no-repeat;-webkit-background-size:cover;-moz-background-size:cover;-o-background-size:cover;background-size:cover;padding: 0px 0px 0px 0px;\"><div style=\"text-align:center;\"><style>.fusion-imageframe.imageframe-2{ margin-bottom : 30px;}<\/style><span class=\" fusion-imageframe imageframe-none imageframe-2 hover-type-none\" style=\"max-width:150px;\"><img decoding=\"async\" width=\"200\" height=\"240\" title=\"logo-b-2x\" src=\"data:image\/svg+xml,%3Csvg%20xmlns%3D%27http%3A%2F%2Fwww.w3.org%2F2000%2Fsvg%27%20width%3D%27200%27%20height%3D%27240%27%20viewBox%3D%270%200%20200%20240%27%3E%3Crect%20width%3D%27200%27%20height%3D%27240%27%20fill-opacity%3D%220%22%2F%3E%3C%2Fsvg%3E\" data-orig-src=\"https:\/\/tsoftrafik.com.tr\/wp-content\/uploads\/2022\/10\/logo-b-2x-1.png\" alt class=\"lazyload img-responsive wp-image-1628\"\/><\/span><\/div><div class=\"fusion-image-carousel fusion-image-carousel-auto fusion-image-carousel-3\"><div class=\"fusion-carousel\" data-autoplay=\"no\" data-columns=\"2\" data-itemmargin=\"93\" data-itemwidth=\"180\" data-touchscroll=\"no\" data-imagesize=\"auto\" data-scrollitems=\"1\"><div class=\"fusion-carousel-positioner\"><ul class=\"fusion-carousel-holder\"><li class=\"fusion-carousel-item\"><div class=\"fusion-carousel-item-wrapper\"><div class=\"fusion-image-wrapper awb-imageframe-style awb-imageframe-style-dario\"><a href=\"https:\/\/tsoftrafik.com.tr\/index.php\/dinlenme-tesislerimiz\" target=\"_self\"><img decoding=\"async\" width=\"600\" height=\"400\" src=\"https:\/\/tsoftrafik.com.tr\/wp-content\/uploads\/2022\/10\/tesis-600x400-1.jpg\" class=\"attachment-full size-full lazyload\" alt=\"\" srcset=\"data:image\/svg+xml,%3Csvg%20xmlns%3D%27http%3A%2F%2Fwww.w3.org%2F2000%2Fsvg%27%20width%3D%27600%27%20height%3D%27400%27%20viewBox%3D%270%200%20600%20400%27%3E%3Crect%20width%3D%27600%27%20height%3D%27400%27%20fill-opacity%3D%220%22%2F%3E%3C%2Fsvg%3E\" data-orig-src=\"https:\/\/tsoftrafik.com.tr\/wp-content\/uploads\/2022\/10\/tesis-600x400-1.jpg\" data-srcset=\"https:\/\/tsoftrafik.com.tr\/wp-content\/uploads\/2022\/10\/tesis-600x400-1-200x133.jpg 200w, https:\/\/tsoftrafik.com.tr\/wp-content\/uploads\/2022\/10\/tesis-600x400-1-300x200.jpg 300w, https:\/\/tsoftrafik.com.tr\/wp-content\/uploads\/2022\/10\/tesis-600x400-1-400x267.jpg 400w, https:\/\/tsoftrafik.com.tr\/wp-content\/uploads\/2022\/10\/tesis-600x400-1.jpg 600w\" data-sizes=\"auto\" \/><div class=\"awb-imageframe-caption-container\"><div class=\"awb-imageframe-caption\"><h3 class=\"awb-imageframe-caption-title\">Dinlenme Tesisleri<\/h3><\/div><\/div><\/a><\/div><\/div><\/li><\/ul><\/div><\/div><\/div><style type=\"text\/css\">.fusion-image-carousel.fusion-image-carousel-3 .awb-imageframe-caption-container .awb-imageframe-caption-title{color:#ffffff !important;font-family:var(--awb-typography1-font-family) !important;font-weight:var(--awb-typography1-font-weight) !important;font-style:var(--awb-typography1-font-style) !important;text-transform:capitalize;}.fusion-image-carousel.fusion-image-carousel-3 .awb-imageframe-caption-container .awb-imageframe-caption-text{color:var(--awb-color1);font-size:var(--awb-typography2-font-size);font-family:var(--awb-typography2-font-family);font-weight:var(--awb-typography2-font-weight);font-style:var(--awb-typography2-font-style);text-transform:var(--awb-typography2-text-transform);}.fusion-image-carousel.fusion-image-carousel-3 .awb-imageframe-caption .awb-imageframe-caption-title:after{background:var(--awb-color1);}.fusion-image-carousel.fusion-image-carousel-3 .awb-imageframe-style{background:#000000;}<\/style><\/div><style type=\"text\/css\">.fusion-body .fusion-builder-column-1{width:100% !important;margin-top : 0px;margin-bottom : 0px;}.fusion-builder-column-1 > .fusion-column-wrapper {padding-top : 0px !important;padding-right : 0px !important;margin-right : 1.92%;padding-bottom : 0px !important;padding-left : 0px !important;margin-left : 1.92%;}@media only screen and (max-width:1024px) {.fusion-body .fusion-builder-column-1{width:100% !important;order : 0;}.fusion-builder-column-1 > .fusion-column-wrapper {margin-right : 1.92%;margin-left : 1.92%;}}@media only screen and (max-width:640px) {.fusion-body .fusion-builder-column-1{width:100% !important;order : 0;}.fusion-builder-column-1 > .fusion-column-wrapper {margin-right : 1.92%;margin-left : 1.92%;}}<\/style><\/div><\/div><style type=\"text\/css\">.fusion-body .fusion-flex-container.fusion-builder-row-2{ padding-top : 0px;margin-top : 0px;padding-right : 0px;padding-bottom : 0px;margin-bottom : 0px;padding-left : 0px;}<\/style><\/div><\/p>\n","protected":false},"excerpt":{"rendered":"","protected":false},"author":1,"featured_media":0,"parent":0,"menu_order":0,"comment_status":"closed","ping_status":"closed","template":"blank.php","meta":{"footnotes":""},"class_list":["post-1064","page","type-page","status-publish","hentry"],"yoast_head":"<!-- This site is optimized with the Yoast SEO plugin v19.9 - https:\/\/yoast.com\/wordpress\/plugins\/seo\/ -->\n<title>Anasayfa - T\u00fcrkiye \u015eof\u00f6rler ve Otomobilciler Federasyonu Trafik A.\u015e.<\/title>\n<meta name=\"robots\" content=\"index, follow, max-snippet:-1, max-image-preview:large, max-video-preview:-1\" \/>\n<link rel=\"canonical\" href=\"https:\/\/tsoftrafik.com.tr\/\" \/>\n<meta property=\"og:locale\" content=\"tr_TR\" \/>\n<meta property=\"og:type\" content=\"article\" \/>\n<meta property=\"og:title\" content=\"Anasayfa - T\u00fcrkiye \u015eof\u00f6rler ve Otomobilciler Federasyonu Trafik A.\u015e.\" \/>\n<meta property=\"og:url\" content=\"https:\/\/tsoftrafik.com.tr\/\" \/>\n<meta property=\"og:site_name\" content=\"T\u00fcrkiye \u015eof\u00f6rler ve Otomobilciler Federasyonu Trafik A.\u015e.\" \/>\n<meta property=\"article:modified_time\" content=\"2025-05-20T13:43:57+00:00\" \/>\n<meta name=\"twitter:card\" content=\"summary_large_image\" \/>\n<meta name=\"twitter:label1\" content=\"Tahmini okuma s\u00fcresi\" \/>\n\t<meta name=\"twitter:data1\" content=\"7 dakika\" \/>\n<script type=\"application\/ld+json\" class=\"yoast-schema-graph\">{\"@context\":\"https:\/\/schema.org\",\"@graph\":[{\"@type\":\"WebPage\",\"@id\":\"https:\/\/tsoftrafik.com.tr\/\",\"url\":\"https:\/\/tsoftrafik.com.tr\/\",\"name\":\"Anasayfa - T\u00fcrkiye \u015eof\u00f6rler ve Otomobilciler Federasyonu Trafik A.\u015e.\",\"isPartOf\":{\"@id\":\"https:\/\/tsoftrafik.com.tr\/#website\"},\"datePublished\":\"2022-09-22T13:51:28+00:00\",\"dateModified\":\"2025-05-20T13:43:57+00:00\",\"breadcrumb\":{\"@id\":\"https:\/\/tsoftrafik.com.tr\/#breadcrumb\"},\"inLanguage\":\"tr\",\"potentialAction\":[{\"@type\":\"ReadAction\",\"target\":[\"https:\/\/tsoftrafik.com.tr\/\"]}]},{\"@type\":\"BreadcrumbList\",\"@id\":\"https:\/\/tsoftrafik.com.tr\/#breadcrumb\",\"itemListElement\":[{\"@type\":\"ListItem\",\"position\":1,\"name\":\"Anasayfa\",\"item\":\"https:\/\/tsoftrafik.com.tr\/\"},{\"@type\":\"ListItem\",\"position\":2,\"name\":\"Anasayfa\"}]},{\"@type\":\"WebSite\",\"@id\":\"https:\/\/tsoftrafik.com.tr\/#website\",\"url\":\"https:\/\/tsoftrafik.com.tr\/\",\"name\":\"T\u00fcrkiye \u015eof\u00f6rler ve Otomobilciler Federasyonu Trafik A.\u015e.\",\"description\":\"T\u00fcrkiye \u015eof\u00f6rler ve Otomobilciler Federasyonu Trafik A.\u015e.\",\"publisher\":{\"@id\":\"https:\/\/tsoftrafik.com.tr\/#organization\"},\"potentialAction\":[{\"@type\":\"SearchAction\",\"target\":{\"@type\":\"EntryPoint\",\"urlTemplate\":\"https:\/\/tsoftrafik.com.tr\/?s={search_term_string}\"},\"query-input\":\"required name=search_term_string\"}],\"inLanguage\":\"tr\"},{\"@type\":\"Organization\",\"@id\":\"https:\/\/tsoftrafik.com.tr\/#organization\",\"name\":\"T\u00fcrkiye \u015eof\u00f6rler ve Otomobilciler Federasyonu Trafik A.\u015e.\",\"url\":\"https:\/\/tsoftrafik.com.tr\/\",\"logo\":{\"@type\":\"ImageObject\",\"inLanguage\":\"tr\",\"@id\":\"https:\/\/tsoftrafik.com.tr\/#\/schema\/logo\/image\/\",\"url\":\"https:\/\/tsoftrafik.com.tr\/wp-content\/uploads\/2022\/09\/logoo.png\",\"contentUrl\":\"https:\/\/tsoftrafik.com.tr\/wp-content\/uploads\/2022\/09\/logoo.png\",\"width\":150,\"height\":180,\"caption\":\"T\u00fcrkiye \u015eof\u00f6rler ve Otomobilciler Federasyonu Trafik A.\u015e.\"},\"image\":{\"@id\":\"https:\/\/tsoftrafik.com.tr\/#\/schema\/logo\/image\/\"},\"sameAs\":[\"https:\/\/www.instagram.com\/tsoftesisleri\/\"]}]}<\/script>\n<!-- \/ Yoast SEO plugin. -->","yoast_head_json":{"title":"Anasayfa - T\u00fcrkiye \u015eof\u00f6rler ve Otomobilciler Federasyonu Trafik A.\u015e.","robots":{"index":"index","follow":"follow","max-snippet":"max-snippet:-1","max-image-preview":"max-image-preview:large","max-video-preview":"max-video-preview:-1"},"canonical":"https:\/\/tsoftrafik.com.tr\/","og_locale":"tr_TR","og_type":"article","og_title":"Anasayfa - T\u00fcrkiye \u015eof\u00f6rler ve Otomobilciler Federasyonu Trafik A.\u015e.","og_url":"https:\/\/tsoftrafik.com.tr\/","og_site_name":"T\u00fcrkiye \u015eof\u00f6rler ve Otomobilciler Federasyonu Trafik A.\u015e.","article_modified_time":"2025-05-20T13:43:57+00:00","twitter_card":"summary_large_image","twitter_misc":{"Tahmini okuma s\u00fcresi":"7 dakika"},"schema":{"@context":"https:\/\/schema.org","@graph":[{"@type":"WebPage","@id":"https:\/\/tsoftrafik.com.tr\/","url":"https:\/\/tsoftrafik.com.tr\/","name":"Anasayfa - T\u00fcrkiye \u015eof\u00f6rler ve Otomobilciler Federasyonu Trafik A.\u015e.","isPartOf":{"@id":"https:\/\/tsoftrafik.com.tr\/#website"},"datePublished":"2022-09-22T13:51:28+00:00","dateModified":"2025-05-20T13:43:57+00:00","breadcrumb":{"@id":"https:\/\/tsoftrafik.com.tr\/#breadcrumb"},"inLanguage":"tr","potentialAction":[{"@type":"ReadAction","target":["https:\/\/tsoftrafik.com.tr\/"]}]},{"@type":"BreadcrumbList","@id":"https:\/\/tsoftrafik.com.tr\/#breadcrumb","itemListElement":[{"@type":"ListItem","position":1,"name":"Anasayfa","item":"https:\/\/tsoftrafik.com.tr\/"},{"@type":"ListItem","position":2,"name":"Anasayfa"}]},{"@type":"WebSite","@id":"https:\/\/tsoftrafik.com.tr\/#website","url":"https:\/\/tsoftrafik.com.tr\/","name":"T\u00fcrkiye \u015eof\u00f6rler ve Otomobilciler Federasyonu Trafik A.\u015e.","description":"T\u00fcrkiye \u015eof\u00f6rler ve Otomobilciler Federasyonu Trafik A.\u015e.","publisher":{"@id":"https:\/\/tsoftrafik.com.tr\/#organization"},"potentialAction":[{"@type":"SearchAction","target":{"@type":"EntryPoint","urlTemplate":"https:\/\/tsoftrafik.com.tr\/?s={search_term_string}"},"query-input":"required name=search_term_string"}],"inLanguage":"tr"},{"@type":"Organization","@id":"https:\/\/tsoftrafik.com.tr\/#organization","name":"T\u00fcrkiye \u015eof\u00f6rler ve Otomobilciler Federasyonu Trafik A.\u015e.","url":"https:\/\/tsoftrafik.com.tr\/","logo":{"@type":"ImageObject","inLanguage":"tr","@id":"https:\/\/tsoftrafik.com.tr\/#\/schema\/logo\/image\/","url":"https:\/\/tsoftrafik.com.tr\/wp-content\/uploads\/2022\/09\/logoo.png","contentUrl":"https:\/\/tsoftrafik.com.tr\/wp-content\/uploads\/2022\/09\/logoo.png","width":150,"height":180,"caption":"T\u00fcrkiye \u015eof\u00f6rler ve Otomobilciler Federasyonu Trafik A.\u015e."},"image":{"@id":"https:\/\/tsoftrafik.com.tr\/#\/schema\/logo\/image\/"},"sameAs":["https:\/\/www.instagram.com\/tsoftesisleri\/"]}]}},"_links":{"self":[{"href":"https:\/\/tsoftrafik.com.tr\/index.php\/wp-json\/wp\/v2\/pages\/1064","targetHints":{"allow":["GET"]}}],"collection":[{"href":"https:\/\/tsoftrafik.com.tr\/index.php\/wp-json\/wp\/v2\/pages"}],"about":[{"href":"https:\/\/tsoftrafik.com.tr\/index.php\/wp-json\/wp\/v2\/types\/page"}],"author":[{"embeddable":true,"href":"https:\/\/tsoftrafik.com.tr\/index.php\/wp-json\/wp\/v2\/users\/1"}],"replies":[{"embeddable":true,"href":"https:\/\/tsoftrafik.com.tr\/index.php\/wp-json\/wp\/v2\/comments?post=1064"}],"version-history":[{"count":32,"href":"https:\/\/tsoftrafik.com.tr\/index.php\/wp-json\/wp\/v2\/pages\/1064\/revisions"}],"predecessor-version":[{"id":1743,"href":"https:\/\/tsoftrafik.com.tr\/index.php\/wp-json\/wp\/v2\/pages\/1064\/revisions\/1743"}],"wp:attachment":[{"href":"https:\/\/tsoftrafik.com.tr\/index.php\/wp-json\/wp\/v2\/media?parent=1064"}],"curies":[{"name":"wp","href":"https:\/\/api.w.org\/{rel}","templated":true}]}}